{"id":327,"date":"2024-10-02T08:10:53","date_gmt":"2024-10-02T08:10:53","guid":{"rendered":"http:\/\/siegenspricht.de\/?page_id=327"},"modified":"2024-10-02T17:34:28","modified_gmt":"2024-10-02T17:34:28","slug":"tuerkisch-2","status":"publish","type":"page","link":"https:\/\/siegenspricht.de\/?page_id=327","title":{"rendered":"T\u00fcrkisch"},"content":{"rendered":"\n<h3 class=\"wp-block-heading\">T\u00fcrkisch<\/h3>\n\n\n\n<p><br>Da\u011f ruhu (Siegen&#8217;den Efsane)<\/p>\n\n\n\n<p><br>Madencilik \u00e7ok eski zamanlardan beri burada geli\u015fmi\u015ftir. \u00c7al\u0131\u015fkan madenciler da\u011flar\u0131n her yerinde b\u00fcy\u00fck miktarlarda saf cevher buldular. Bazen, cevher madencileri k\u00fc\u00e7\u00fck arabalar\u0131n\u0131 \u0131\u015f\u0131lt\u0131l\u0131 kayalarla doldururken, duvarlarda gizemli bir t\u0131k\u0131rt\u0131 duyarlard\u0131. Madenciler bunu \u00e7ok iyi biliyorlard\u0131. K\u00fc\u00e7\u00fck bir hayalet, da\u011f trol\u00fc, oradayd\u0131 ve onlara yeni cevher yataklar\u0131n\u0131<br>g\u00f6steriyordu. Ve cevher madencileri bu yerdeki kayay\u0131 yonttuklar\u0131nda zengin hazineler ortaya \u00e7\u0131k\u0131yordu. \u0130yiliksever ruhun tahamm\u00fcl edemedi\u011fi bir \u015fey vard\u0131, o da \u0131sl\u0131k \u00e7almakt\u0131. Madenciler bunu bildikleri i\u00e7in i\u015flerini sessiz ve sakin bir \u015fekilde y\u00fcr\u00fct\u00fcyorlard\u0131. Bir keresinde madenci, \u00f6zellikle sevdi\u011fi bir adama neredeyse \u00f6l\u00e7\u00fclemeyecek kadar zengin bir cevher g\u00f6stermi\u015fti. Madenci bu muhte\u015fem hazineye ula\u015fmak i\u00e7in \u00f6nce derin bir \u00e7ukurun \u00fczerine bir k\u00f6pr\u00fc in\u015fa etmek zorunda kalm\u0131\u015f. K\u00fc\u00e7\u00fck \u00e7ocuk ona yard\u0131m edece\u011fine s\u00f6z verdi. \u0130\u015f, her ikisinin de uzman elleri alt\u0131nda h\u0131zla ilerledi. \u00c7ok ge\u00e7meden k\u00f6pr\u00fc tamamland\u0131 ve madenci zengin g\u00fcm\u00fc\u015f yata\u011f\u0131n\u0131n \u00f6n\u00fcnde hayretler i\u00e7inde durdu.<br>\u00c7ok sevinen \u015fansl\u0131 adam kendini unutmu\u015f, ellerini \u00e7\u0131rpm\u0131\u015f ve \u0131sl\u0131k \u00e7alm\u0131\u015f. Sonra da\u011f trol\u00fc korku ve \u00f6fkeyle ona \u00e7arpt\u0131 ve aniden kayan\u0131n i\u00e7inde kayboldu. \u015eiddetli bir g\u00f6k g\u00fcr\u00fclt\u00fcs\u00fc ve \u00e7at\u0131rt\u0131 ba\u015flam\u0131\u015f, gittik\u00e7e \u015fiddetlenmi\u015f ve daha da yakla\u015fm\u0131\u015f. O zaman madenci neye sebep oldu\u011funu fark etti. \u00dczerinde durdu\u011fu yaya k\u00f6pr\u00fcs\u00fc sallanmaya ba\u015flam\u0131\u015ft\u0131 bile. Arkas\u0131ndan y\u00fcksek bir g\u00fcmb\u00fcrt\u00fc duyuldu. Hayat\u0131n\u0131 kaybetmek istemiyorsa daha fazla kalamazd\u0131. Buy\u00fczden \u00e7\u0131k\u0131\u015fa do\u011fru ko\u015ftu ve t\u00fcm \u00e7ukur \u015fiddetle sars\u0131l\u0131p b\u00fcy\u00fck bir g\u00fcr\u00fclt\u00fcyle \u00e7\u00f6kt\u00fc\u011f\u00fcnde g\u00fcn \u0131\u015f\u0131\u011f\u0131n\u0131 hen\u00fcz g\u00f6rm\u00fc\u015ft\u00fc. Dikkatsiz adam orada durmu\u015f, ak\u015fam g\u00fcne\u015finin parlak \u0131\u015f\u0131\u011f\u0131nda kuyunun giri\u015fine bak\u0131yordu.<\/p>\n\n\n\n<p><br>Sonra yava\u015f\u00e7a evine do\u011fru y\u00fcr\u00fcd\u00fc, hala \u00e7\u0131plak hayat\u0131n\u0131 kurtarabildi\u011fi i\u00e7in mutluydu.<\/p>\n\n\n\n<div class=\"wp-block-buttons is-layout-flex wp-block-buttons-is-layout-flex\">\n<div class=\"wp-block-button has-custom-width wp-block-button__width-100 has-custom-font-size is-style-outline has-small-font-size is-style-outline--1\"><a class=\"wp-block-button__link wp-element-button\" href=\"https:\/\/siegenspricht.de\/?page_id=38\">zur\u00fcck<\/a><\/div>\n<\/div>\n\n\n\n<p><\/p>\n","protected":false},"excerpt":{"rendered":"<p>T\u00fcrkisch Da\u011f ruhu (Siegen&#8217;den Efsane) Madencilik \u00e7ok eski zamanlardan beri burada geli\u015fmi\u015ftir. \u00c7al\u0131\u015fkan madenciler da\u011flar\u0131n her yerinde b\u00fcy\u00fck miktarlarda saf cevher buldular. Bazen, cevher madencileri k\u00fc\u00e7\u00fck arabalar\u0131n\u0131 \u0131\u015f\u0131lt\u0131l\u0131 [&hellip;]<\/p>\n","protected":false},"author":1,"featured_media":0,"parent":0,"menu_order":0,"comment_status":"closed","ping_status":"closed","template":"","meta":{"footnotes":""},"class_list":["post-327","page","type-page","status-publish","hentry"],"jetpack_sharing_enabled":true,"_links":{"self":[{"href":"https:\/\/siegenspricht.de\/index.php?rest_route=\/wp\/v2\/pages\/327","targetHints":{"allow":["GET"]}}],"collection":[{"href":"https:\/\/siegenspricht.de\/index.php?rest_route=\/wp\/v2\/pages"}],"about":[{"href":"https:\/\/siegenspricht.de\/index.php?rest_route=\/wp\/v2\/types\/page"}],"author":[{"embeddable":true,"href":"https:\/\/siegenspricht.de\/index.php?rest_route=\/wp\/v2\/users\/1"}],"replies":[{"embeddable":true,"href":"https:\/\/siegenspricht.de\/index.php?rest_route=%2Fwp%2Fv2%2Fcomments&post=327"}],"version-history":[{"count":3,"href":"https:\/\/siegenspricht.de\/index.php?rest_route=\/wp\/v2\/pages\/327\/revisions"}],"predecessor-version":[{"id":356,"href":"https:\/\/siegenspricht.de\/index.php?rest_route=\/wp\/v2\/pages\/327\/revisions\/356"}],"wp:attachment":[{"href":"https:\/\/siegenspricht.de\/index.php?rest_route=%2Fwp%2Fv2%2Fmedia&parent=327"}],"curies":[{"name":"wp","href":"https:\/\/api.w.org\/{rel}","templated":true}]}}