{"id":72,"date":"2024-08-20T12:01:41","date_gmt":"2024-08-20T12:01:41","guid":{"rendered":"http:\/\/siegenspricht.de\/?page_id=72"},"modified":"2025-01-02T12:43:36","modified_gmt":"2025-01-02T12:43:36","slug":"downloads","status":"publish","type":"page","link":"http:\/\/siegenspricht.de\/?page_id=72","title":{"rendered":"Downloads"},"content":{"rendered":"\n<p>Bitte w\u00e4hlen Sie die gew\u00fcnschte Datei aus dem Men\u00fcpunkt aus.<br>Gerne k\u00f6nnen Sie die Dateien in Ihrem Beruf, Ehrenamt und Freundes- und Familienkreis verwenden.<br>Wir freuen uns auf die Weiterempfehlung!<\/p>\n\n\n\n<p><\/p>\n","protected":false},"excerpt":{"rendered":"<p>Bitte w\u00e4hlen Sie die gew\u00fcnschte Datei aus dem Men\u00fcpunkt aus.Gerne k\u00f6nnen Sie die Dateien in Ihrem Beruf, Ehrenamt und Freundes- und Familienkreis verwenden.Wir freuen uns auf die Weiterempfehlung!<\/p>\n","protected":false},"author":1,"featured_media":0,"parent":0,"menu_order":0,"comment_status":"closed","ping_status":"closed","template":"","meta":{"footnotes":""},"class_list":["post-72","page","type-page","status-publish","hentry"],"jetpack_sharing_enabled":true,"_links":{"self":[{"href":"http:\/\/siegenspricht.de\/index.php?rest_route=\/wp\/v2\/pages\/72","targetHints":{"allow":["GET"]}}],"collection":[{"href":"http:\/\/siegenspricht.de\/index.php?rest_route=\/wp\/v2\/pages"}],"about":[{"href":"http:\/\/siegenspricht.de\/index.php?rest_route=\/wp\/v2\/types\/page"}],"author":[{"embeddable":true,"href":"http:\/\/siegenspricht.de\/index.php?rest_route=\/wp\/v2\/users\/1"}],"replies":[{"embeddable":true,"href":"http:\/\/siegenspricht.de\/index.php?rest_route=%2Fwp%2Fv2%2Fcomments&post=72"}],"version-history":[{"count":4,"href":"http:\/\/siegenspricht.de\/index.php?rest_route=\/wp\/v2\/pages\/72\/revisions"}],"predecessor-version":[{"id":519,"href":"http:\/\/siegenspricht.de\/index.php?rest_route=\/wp\/v2\/pages\/72\/revisions\/519"}],"wp:attachment":[{"href":"http:\/\/siegenspricht.de\/index.php?rest_route=%2Fwp%2Fv2%2Fmedia&parent=72"}],"curies":[{"name":"wp","href":"https:\/\/api.w.org\/{rel}","templated":true}]}}