{"id":66,"date":"2024-08-20T11:59:57","date_gmt":"2024-08-20T11:59:57","guid":{"rendered":"http:\/\/siegenspricht.de\/?page_id=66"},"modified":"2024-09-27T12:14:18","modified_gmt":"2024-09-27T12:14:18","slug":"arabisch","status":"publish","type":"page","link":"http:\/\/siegenspricht.de\/?page_id=66","title":{"rendered":"vor 500 v. Chr. &#8211; Festlandlandkeltisch"},"content":{"rendered":"\n<h3 class=\"wp-block-heading\">vor 500 v. Chr. &#8211; Festlandlandkeltisch<\/h3>\n\n\n\n<div class=\"wp-block-columns is-layout-flex wp-container-core-columns-is-layout-1 wp-block-columns-is-layout-flex\">\n<div class=\"wp-block-column is-layout-flow wp-block-column-is-layout-flow\" style=\"flex-basis:66.66%\">\n<p>Insgesamt gab es durch alle Jahrtausende hindurch etwa 16 verschiedene keltische<br>Sprachen, von denen heute noch sechs gesprochen werden:&nbsp;Irisch,&nbsp;Manx, schottisches<br>G\u00e4lisch, Bretonisch, Kornisch und&nbsp;Walisisch. Viele der komplett ausgestorbenen keltischen<br>Sprachen haben sich auf dem europ\u00e4ischen Kontinent entwickelt. Dazu geh\u00f6ren Keltiberisch<br>(iberische Halbinsel), Galatisch (Galatien in der heutigen T\u00fcrkei), Gallisch (in vielen Teilen<br>Mitteleuropas, darunter Gebiete im heutigen Frankreich, Deutschland, in den Niederlanden,<br>der Schweiz und Italien) und Lepontisch (Norditalien und Schweiz). Auch wenn die keltischen<br>Sprachen nicht untereinander zu verstehen sind, gibt es ein paar ganz klare gemeinsame<br>Wurzeln.<\/p>\n<\/div>\n\n\n\n<div class=\"wp-block-column is-layout-flow wp-block-column-is-layout-flow\" style=\"flex-basis:33.33%\">\n<p>Deutsch &#8211;&nbsp;sauber<br>Englisch &#8211;&nbsp;clean<br>Irisch &#8211;&nbsp;glan<br>Schottisches G\u00e4lisch &#8211;&nbsp;glan<br>Manx &#8211;&nbsp;glen<br>Kornisch \u2013&nbsp;glan<br>Bretonisch &#8211;&nbsp;glan<br>Walisisch \u2013&nbsp;gl\u00e2n<\/p>\n<\/div>\n<\/div>\n\n\n\n<div class=\"wp-block-buttons is-layout-flex wp-block-buttons-is-layout-flex\">\n<div class=\"wp-block-button is-style-outline is-style-outline--1\"><a class=\"wp-block-button__link wp-element-button\" href=\"http:\/\/siegenspricht.de\/\">zur\u00fcck<\/a><\/div>\n<\/div>\n\n\n\n<p><\/p>\n","protected":false},"excerpt":{"rendered":"<p>vor 500 v. Chr. &#8211; Festlandlandkeltisch Insgesamt gab es durch alle Jahrtausende hindurch etwa 16 verschiedene keltischeSprachen, von denen heute noch sechs gesprochen werden:&nbsp;Irisch,&nbsp;Manx, schottischesG\u00e4lisch, Bretonisch, Kornisch und&nbsp;Walisisch. [&hellip;]<\/p>\n","protected":false},"author":1,"featured_media":0,"parent":0,"menu_order":0,"comment_status":"closed","ping_status":"closed","template":"","meta":{"footnotes":""},"class_list":["post-66","page","type-page","status-publish","hentry"],"jetpack_sharing_enabled":true,"_links":{"self":[{"href":"http:\/\/siegenspricht.de\/index.php?rest_route=\/wp\/v2\/pages\/66","targetHints":{"allow":["GET"]}}],"collection":[{"href":"http:\/\/siegenspricht.de\/index.php?rest_route=\/wp\/v2\/pages"}],"about":[{"href":"http:\/\/siegenspricht.de\/index.php?rest_route=\/wp\/v2\/types\/page"}],"author":[{"embeddable":true,"href":"http:\/\/siegenspricht.de\/index.php?rest_route=\/wp\/v2\/users\/1"}],"replies":[{"embeddable":true,"href":"http:\/\/siegenspricht.de\/index.php?rest_route=%2Fwp%2Fv2%2Fcomments&post=66"}],"version-history":[{"count":9,"href":"http:\/\/siegenspricht.de\/index.php?rest_route=\/wp\/v2\/pages\/66\/revisions"}],"predecessor-version":[{"id":196,"href":"http:\/\/siegenspricht.de\/index.php?rest_route=\/wp\/v2\/pages\/66\/revisions\/196"}],"wp:attachment":[{"href":"http:\/\/siegenspricht.de\/index.php?rest_route=%2Fwp%2Fv2%2Fmedia&parent=66"}],"curies":[{"name":"wp","href":"https:\/\/api.w.org\/{rel}","templated":true}]}}