{"id":64,"date":"2024-08-20T11:59:39","date_gmt":"2024-08-20T11:59:39","guid":{"rendered":"http:\/\/siegenspricht.de\/?page_id=64"},"modified":"2024-09-27T12:25:13","modified_gmt":"2024-09-27T12:25:13","slug":"tuerkisch","status":"publish","type":"page","link":"http:\/\/siegenspricht.de\/?page_id=64","title":{"rendered":"1950 \u2013 Italienisch und Spanisch"},"content":{"rendered":"\n<h3 class=\"wp-block-heading\">1950 \u2013 Italienisch und Spanisch<\/h3>\n\n\n\n<div class=\"wp-block-columns is-layout-flex wp-container-core-columns-is-layout-1 wp-block-columns-is-layout-flex\">\n<div class=\"wp-block-column is-layout-flow wp-block-column-is-layout-flow\" style=\"flex-basis:66.66%\">\n<p>Die Siegener Zeitung ver\u00f6ffentlichte am 12. April 1961 einen Artikel mit dem Titel \u201eImmer mehr ausl\u00e4ndische Kr\u00e4fte im Siegerland\u201c. Die Reportage berichtet folgendes: \u201e\u2026 am 31. Dezember 1960 haben sich im Siegerland 965 besch\u00e4ftigte Ausl\u00e4nder befunden, darunter 275 Italiener und 225 Spanier.\u201c\u00a0<\/p>\n<\/div>\n\n\n\n<div class=\"wp-block-column is-layout-flow wp-block-column-is-layout-flow\" style=\"flex-basis:33.33%\">\n<p>Der Autor f\u00e4hrt fort: \u201eWenn man diese Zahlen mit denen anderer Bezirke vergleicht, kommt man zu dem Ergebnis, dass im Siegerland noch viel zu wenig ausl\u00e4ndische Arbeitskr\u00e4fte besch\u00e4ftigt werden.\u201c<\/p>\n<\/div>\n<\/div>\n\n\n\n<div class=\"wp-block-buttons is-layout-flex wp-block-buttons-is-layout-flex\">\n<div class=\"wp-block-button is-style-outline is-style-outline--1\"><a class=\"wp-block-button__link wp-element-button\" href=\"http:\/\/siegenspricht.de\/\">zur\u00fcck<\/a><\/div>\n<\/div>\n","protected":false},"excerpt":{"rendered":"<p>1950 \u2013 Italienisch und Spanisch Die Siegener Zeitung ver\u00f6ffentlichte am 12. April 1961 einen Artikel mit dem Titel \u201eImmer mehr ausl\u00e4ndische Kr\u00e4fte im Siegerland\u201c. Die Reportage berichtet folgendes: [&hellip;]<\/p>\n","protected":false},"author":1,"featured_media":0,"parent":0,"menu_order":0,"comment_status":"closed","ping_status":"closed","template":"","meta":{"footnotes":""},"class_list":["post-64","page","type-page","status-publish","hentry"],"jetpack_sharing_enabled":true,"_links":{"self":[{"href":"http:\/\/siegenspricht.de\/index.php?rest_route=\/wp\/v2\/pages\/64","targetHints":{"allow":["GET"]}}],"collection":[{"href":"http:\/\/siegenspricht.de\/index.php?rest_route=\/wp\/v2\/pages"}],"about":[{"href":"http:\/\/siegenspricht.de\/index.php?rest_route=\/wp\/v2\/types\/page"}],"author":[{"embeddable":true,"href":"http:\/\/siegenspricht.de\/index.php?rest_route=\/wp\/v2\/users\/1"}],"replies":[{"embeddable":true,"href":"http:\/\/siegenspricht.de\/index.php?rest_route=%2Fwp%2Fv2%2Fcomments&post=64"}],"version-history":[{"count":3,"href":"http:\/\/siegenspricht.de\/index.php?rest_route=\/wp\/v2\/pages\/64\/revisions"}],"predecessor-version":[{"id":214,"href":"http:\/\/siegenspricht.de\/index.php?rest_route=\/wp\/v2\/pages\/64\/revisions\/214"}],"wp:attachment":[{"href":"http:\/\/siegenspricht.de\/index.php?rest_route=%2Fwp%2Fv2%2Fmedia&parent=64"}],"curies":[{"name":"wp","href":"https:\/\/api.w.org\/{rel}","templated":true}]}}