{"id":62,"date":"2024-08-20T11:59:15","date_gmt":"2024-08-20T11:59:15","guid":{"rendered":"http:\/\/siegenspricht.de\/?page_id=62"},"modified":"2024-09-27T13:25:58","modified_gmt":"2024-09-27T13:25:58","slug":"russisch","status":"publish","type":"page","link":"http:\/\/siegenspricht.de\/?page_id=62","title":{"rendered":"Erster Weltkrieg"},"content":{"rendered":"\n<h3 class=\"wp-block-heading\">Erster Weltkrieg \u2013 Ost, Mittel \u2013 und S\u00fcdeurop\u00e4ische Sprachen<\/h3>\n\n\n\n<div class=\"wp-block-columns is-layout-flex wp-container-core-columns-is-layout-1 wp-block-columns-is-layout-flex\">\n<div class=\"wp-block-column is-layout-flow wp-block-column-is-layout-flow\" style=\"flex-basis:66.66%\">\n<p>Mit und nach dem Ersten Weltkrieg begann das &#8222;Jahrhundert der Fl\u00fcchtlinge&#8220;. Die Weimarer Republik\u00a0\u00a0wurde zum Ziel Hunderttausender Schutzsuchender, die vor den Folgen der russischen\u00a0Oktoberrevolution 1917, dem anschlie\u00dfenden B\u00fcrgerkrieg und der Durchsetzung des Sowjetsystems auswichen. <\/p>\n<\/div>\n\n\n\n<div class=\"wp-block-column is-layout-flow wp-block-column-is-layout-flow\" style=\"flex-basis:33.33%\">\n<p>Hinzu traten Zehntausende osteurop\u00e4ische J\u00fcdinnen und Juden, die vor Pogromen und antisemitischen Str\u00f6mungen in vielen Teilen Ostmittel-, S\u00fcdost- und Osteuropas Schutz suchten.<\/p>\n<\/div>\n<\/div>\n\n\n\n<div class=\"wp-block-buttons is-layout-flex wp-block-buttons-is-layout-flex\">\n<div class=\"wp-block-button is-style-outline is-style-outline--1\"><a class=\"wp-block-button__link wp-element-button\" href=\"http:\/\/siegenspricht.de\/\">zur\u00fcck<\/a><\/div>\n<\/div>\n\n\n\n<p><\/p>\n","protected":false},"excerpt":{"rendered":"<p>Erster Weltkrieg \u2013 Ost, Mittel \u2013 und S\u00fcdeurop\u00e4ische Sprachen Mit und nach dem Ersten Weltkrieg begann das &#8222;Jahrhundert der Fl\u00fcchtlinge&#8220;. Die Weimarer Republik\u00a0\u00a0wurde zum Ziel Hunderttausender Schutzsuchender, die [&hellip;]<\/p>\n","protected":false},"author":1,"featured_media":0,"parent":0,"menu_order":0,"comment_status":"closed","ping_status":"closed","template":"","meta":{"footnotes":""},"class_list":["post-62","page","type-page","status-publish","hentry"],"jetpack_sharing_enabled":true,"_links":{"self":[{"href":"http:\/\/siegenspricht.de\/index.php?rest_route=\/wp\/v2\/pages\/62","targetHints":{"allow":["GET"]}}],"collection":[{"href":"http:\/\/siegenspricht.de\/index.php?rest_route=\/wp\/v2\/pages"}],"about":[{"href":"http:\/\/siegenspricht.de\/index.php?rest_route=\/wp\/v2\/types\/page"}],"author":[{"embeddable":true,"href":"http:\/\/siegenspricht.de\/index.php?rest_route=\/wp\/v2\/users\/1"}],"replies":[{"embeddable":true,"href":"http:\/\/siegenspricht.de\/index.php?rest_route=%2Fwp%2Fv2%2Fcomments&post=62"}],"version-history":[{"count":8,"href":"http:\/\/siegenspricht.de\/index.php?rest_route=\/wp\/v2\/pages\/62\/revisions"}],"predecessor-version":[{"id":241,"href":"http:\/\/siegenspricht.de\/index.php?rest_route=\/wp\/v2\/pages\/62\/revisions\/241"}],"wp:attachment":[{"href":"http:\/\/siegenspricht.de\/index.php?rest_route=%2Fwp%2Fv2%2Fmedia&parent=62"}],"curies":[{"name":"wp","href":"https:\/\/api.w.org\/{rel}","templated":true}]}}