{"id":60,"date":"2024-08-20T11:58:52","date_gmt":"2024-08-20T11:58:52","guid":{"rendered":"http:\/\/siegenspricht.de\/?page_id=60"},"modified":"2024-09-27T12:13:05","modified_gmt":"2024-09-27T12:13:05","slug":"polnisch","status":"publish","type":"page","link":"http:\/\/siegenspricht.de\/?page_id=60","title":{"rendered":"Drei\u00dfigj\u00e4hriger Krieg (1618 &#8211; 1648)\u00a0&#8211; Franz\u00f6sisch"},"content":{"rendered":"\n<h3 class=\"wp-block-heading\">Drei\u00dfigj\u00e4hriger Krieg (1618 &#8211; 1648)&nbsp;&#8211; Franz\u00f6sisch<\/h3>\n\n\n\n<div class=\"wp-block-columns is-layout-flex wp-container-core-columns-is-layout-1 wp-block-columns-is-layout-flex\">\n<div class=\"wp-block-column is-layout-flow wp-block-column-is-layout-flow\" style=\"flex-basis:66.66%\">\n<p>Die Exilanten wurden nach einem urspr\u00fcnglichen franz\u00f6sischen Spottwort \u201eHugenotten\u201c genannt, oft auch einfach als \u201eRefugi\u00e9s\u201c (Fl\u00fcchtlinge) bezeichnet. Die franz\u00f6sischen Hugenotten haben eine Mittlerrolle zwischen ihrem Aufnahmeland und ihrer Heimat gespielt. Die intellektuelle Elite, die sich f\u00fcr das Exil entschieden hat, bem\u00fcht sich, den Kontakt mit der Kultur des Vaterlandes aufrechtzuerhalten. Die Hugenotten haben dazu beigetragen, Franz\u00f6sisch zur meistgesprochenen wissenschaftlichen Sprache Europas zu<br>machen. <\/p>\n<\/div>\n\n\n\n<div class=\"wp-block-column is-layout-flow wp-block-column-is-layout-flow\" style=\"flex-basis:33.33%\">\n<p> Zeitschriften und literarische und politische Zeitungen wurden auf Franz\u00f6sisch<br>geschrieben. Zahlreiche Buchh\u00e4ndler waren Fl\u00fcchtlinge, ehemalige Mitglieder der Freien<br>Berufe oder des Lehrk\u00f6rpers.<\/p>\n<\/div>\n<\/div>\n\n\n\n<div class=\"wp-block-buttons is-layout-flex wp-block-buttons-is-layout-flex\">\n<div class=\"wp-block-button is-style-outline is-style-outline--1\"><a class=\"wp-block-button__link wp-element-button\" href=\"http:\/\/siegenspricht.de\/\">zur\u00fcck<\/a><\/div>\n<\/div>\n","protected":false},"excerpt":{"rendered":"<p>Drei\u00dfigj\u00e4hriger Krieg (1618 &#8211; 1648)&nbsp;&#8211; Franz\u00f6sisch Die Exilanten wurden nach einem urspr\u00fcnglichen franz\u00f6sischen Spottwort \u201eHugenotten\u201c genannt, oft auch einfach als \u201eRefugi\u00e9s\u201c (Fl\u00fcchtlinge) bezeichnet. Die franz\u00f6sischen Hugenotten haben eine [&hellip;]<\/p>\n","protected":false},"author":1,"featured_media":0,"parent":0,"menu_order":0,"comment_status":"closed","ping_status":"closed","template":"","meta":{"footnotes":""},"class_list":["post-60","page","type-page","status-publish","hentry"],"jetpack_sharing_enabled":true,"_links":{"self":[{"href":"http:\/\/siegenspricht.de\/index.php?rest_route=\/wp\/v2\/pages\/60","targetHints":{"allow":["GET"]}}],"collection":[{"href":"http:\/\/siegenspricht.de\/index.php?rest_route=\/wp\/v2\/pages"}],"about":[{"href":"http:\/\/siegenspricht.de\/index.php?rest_route=\/wp\/v2\/types\/page"}],"author":[{"embeddable":true,"href":"http:\/\/siegenspricht.de\/index.php?rest_route=\/wp\/v2\/users\/1"}],"replies":[{"embeddable":true,"href":"http:\/\/siegenspricht.de\/index.php?rest_route=%2Fwp%2Fv2%2Fcomments&post=60"}],"version-history":[{"count":5,"href":"http:\/\/siegenspricht.de\/index.php?rest_route=\/wp\/v2\/pages\/60\/revisions"}],"predecessor-version":[{"id":195,"href":"http:\/\/siegenspricht.de\/index.php?rest_route=\/wp\/v2\/pages\/60\/revisions\/195"}],"wp:attachment":[{"href":"http:\/\/siegenspricht.de\/index.php?rest_route=%2Fwp%2Fv2%2Fmedia&parent=60"}],"curies":[{"name":"wp","href":"https:\/\/api.w.org\/{rel}","templated":true}]}}