{"id":56,"date":"2024-08-20T11:55:36","date_gmt":"2024-08-20T11:55:36","guid":{"rendered":"http:\/\/siegenspricht.de\/?page_id=56"},"modified":"2024-09-27T12:22:36","modified_gmt":"2024-09-27T12:22:36","slug":"siegerlaender-platt","status":"publish","type":"page","link":"http:\/\/siegenspricht.de\/?page_id=56","title":{"rendered":"Siegerl\u00e4nder Platt"},"content":{"rendered":"\n<h3 class=\"wp-block-heading alignwide\">Zweiter Weltkrieg \u2013 15 Sprachen der Zwangsarbeiter<\/h3>\n\n\n\n<div class=\"wp-block-columns is-layout-flex wp-container-core-columns-is-layout-1 wp-block-columns-is-layout-flex\">\n<div class=\"wp-block-column is-layout-flow wp-block-column-is-layout-flow\" style=\"flex-basis:66.66%\">\n<p>Im Siegerland lag hier die Zahl der nichtdeutschen Arbeitskr\u00e4fte auf dem H\u00f6hepunkt 1944 bei etwa 15.000 Menschen, also etwa neun Prozent der Bev\u00f6lkerung. Die Gesamtzahl ist erheblich h\u00f6her anzusetzen, denn diese Arbeitskr\u00e4fte waren hoch disponibel, so dass es einen st\u00e4ndigen Austausch mit anderen Regionen gab. Fortw\u00e4hrend waren auch die durch Flucht, Unfall, Krankheit und Tod Ausfallenden zu ersetzen. Die Menschen kamen aus mindestens 15 Staaten, der mit weitem Abstand gr\u00f6\u00dfte Teil aus der Sowjetunion und dort zumeist aus der Ukraine. <\/p>\n<\/div>\n\n\n\n<div class=\"wp-block-column is-layout-flow wp-block-column-is-layout-flow\" style=\"flex-basis:33.33%\">\n<p>Es folgten franz\u00f6sische, belgische, italienische, niederl\u00e4ndische und polnische Arbeitskr\u00e4fte. Eingesetzt wurden sie vor allem in der Industrieproduktion und im<br>Bergbau, dann in der Land- und Forstwirtschaft sowie im Handwerk und in Haushalten.<\/p>\n<\/div>\n<\/div>\n\n\n\n<div class=\"wp-block-buttons is-layout-flex wp-block-buttons-is-layout-flex\">\n<div class=\"wp-block-button is-style-outline is-style-outline--1\"><a class=\"wp-block-button__link wp-element-button\" href=\"http:\/\/siegenspricht.de\/\">zur\u00fcck<\/a><\/div>\n<\/div>\n","protected":false},"excerpt":{"rendered":"<p>Zweiter Weltkrieg \u2013 15 Sprachen der Zwangsarbeiter Im Siegerland lag hier die Zahl der nichtdeutschen Arbeitskr\u00e4fte auf dem H\u00f6hepunkt 1944 bei etwa 15.000 Menschen, also etwa neun Prozent [&hellip;]<\/p>\n","protected":false},"author":1,"featured_media":0,"parent":0,"menu_order":0,"comment_status":"closed","ping_status":"closed","template":"","meta":{"footnotes":""},"class_list":["post-56","page","type-page","status-publish","hentry"],"jetpack_sharing_enabled":true,"_links":{"self":[{"href":"http:\/\/siegenspricht.de\/index.php?rest_route=\/wp\/v2\/pages\/56","targetHints":{"allow":["GET"]}}],"collection":[{"href":"http:\/\/siegenspricht.de\/index.php?rest_route=\/wp\/v2\/pages"}],"about":[{"href":"http:\/\/siegenspricht.de\/index.php?rest_route=\/wp\/v2\/types\/page"}],"author":[{"embeddable":true,"href":"http:\/\/siegenspricht.de\/index.php?rest_route=\/wp\/v2\/users\/1"}],"replies":[{"embeddable":true,"href":"http:\/\/siegenspricht.de\/index.php?rest_route=%2Fwp%2Fv2%2Fcomments&post=56"}],"version-history":[{"count":6,"href":"http:\/\/siegenspricht.de\/index.php?rest_route=\/wp\/v2\/pages\/56\/revisions"}],"predecessor-version":[{"id":210,"href":"http:\/\/siegenspricht.de\/index.php?rest_route=\/wp\/v2\/pages\/56\/revisions\/210"}],"wp:attachment":[{"href":"http:\/\/siegenspricht.de\/index.php?rest_route=%2Fwp%2Fv2%2Fmedia&parent=56"}],"curies":[{"name":"wp","href":"https:\/\/api.w.org\/{rel}","templated":true}]}}