{"id":54,"date":"2024-08-20T11:54:56","date_gmt":"2024-08-20T11:54:56","guid":{"rendered":"http:\/\/siegenspricht.de\/?page_id=54"},"modified":"2024-09-27T12:13:44","modified_gmt":"2024-09-27T12:13:44","slug":"hochdeutsch","status":"publish","type":"page","link":"http:\/\/siegenspricht.de\/?page_id=54","title":{"rendered":"ab dem Mittelalter &#8211; Siegerl\u00e4nder Platt"},"content":{"rendered":"\n<h3 class=\"wp-block-heading\">ab dem Mittelalter &#8211; Siegerl\u00e4nder Platt<\/h3>\n\n\n\n<div class=\"wp-block-columns is-layout-flex wp-container-core-columns-is-layout-1 wp-block-columns-is-layout-flex\">\n<div class=\"wp-block-column is-layout-flow wp-block-column-is-layout-flow\" style=\"flex-basis:66.66%\">\n<p class=\"has-text-align-left\">Das hervorstechende Merkmal des Siegerl\u00e4nder Platts ist das mit zur\u00fcckgebogener Zungenspitze gesprochene \u201eR\u201c, \u00e4hnlich der Aussprache des Englischen in Nordamerika.<br>Dieses sprachliche Ph\u00e4nomen ist jedoch nicht auf das Siegerl\u00e4ndische beschr\u00e4nkt, sondern erstreckt sich weit in den mittelhessischen Sprachraum hinein bis zum Taunus und die Wetterau. Die Silbe \u201eer\u201c wird \u00fcblicherweise mit einem stimmlosen (fast ausgelassenen) \u201ee\u201c gesprochen: \u201erunter\u201c wird als \u201eronner\u201c gedacht, aber als \u201eronnr\u201c gesprochen.<\/p>\n<\/div>\n\n\n\n<div class=\"wp-block-column is-layout-flow wp-block-column-is-layout-flow\" style=\"flex-basis:33.33%\">\n<p> \u00dcbung:<br>\u201eHennr Rennrod r\u00e4chds r\u00f6mm on da dr Rhing roffr\u201c (\u201eHinter Rennerod rechts rum und dann den Rhein rauf\u201c \u2013 wie man von Siegen nach Koblenz kommt\u2026)<\/p>\n<\/div>\n<\/div>\n\n\n\n<div class=\"wp-block-buttons is-layout-flex wp-block-buttons-is-layout-flex\">\n<div class=\"wp-block-button is-style-outline is-style-outline--1\"><a class=\"wp-block-button__link wp-element-button\" href=\"http:\/\/siegenspricht.de\/\">zur\u00fcck<\/a><\/div>\n<\/div>\n\n\n\n<p><\/p>\n","protected":false},"excerpt":{"rendered":"<p>ab dem Mittelalter &#8211; Siegerl\u00e4nder Platt Das hervorstechende Merkmal des Siegerl\u00e4nder Platts ist das mit zur\u00fcckgebogener Zungenspitze gesprochene \u201eR\u201c, \u00e4hnlich der Aussprache des Englischen in Nordamerika.Dieses sprachliche Ph\u00e4nomen [&hellip;]<\/p>\n","protected":false},"author":1,"featured_media":0,"parent":0,"menu_order":0,"comment_status":"closed","ping_status":"closed","template":"","meta":{"footnotes":""},"class_list":["post-54","page","type-page","status-publish","hentry"],"jetpack_sharing_enabled":true,"_links":{"self":[{"href":"http:\/\/siegenspricht.de\/index.php?rest_route=\/wp\/v2\/pages\/54","targetHints":{"allow":["GET"]}}],"collection":[{"href":"http:\/\/siegenspricht.de\/index.php?rest_route=\/wp\/v2\/pages"}],"about":[{"href":"http:\/\/siegenspricht.de\/index.php?rest_route=\/wp\/v2\/types\/page"}],"author":[{"embeddable":true,"href":"http:\/\/siegenspricht.de\/index.php?rest_route=\/wp\/v2\/users\/1"}],"replies":[{"embeddable":true,"href":"http:\/\/siegenspricht.de\/index.php?rest_route=%2Fwp%2Fv2%2Fcomments&post=54"}],"version-history":[{"count":6,"href":"http:\/\/siegenspricht.de\/index.php?rest_route=\/wp\/v2\/pages\/54\/revisions"}],"predecessor-version":[{"id":194,"href":"http:\/\/siegenspricht.de\/index.php?rest_route=\/wp\/v2\/pages\/54\/revisions\/194"}],"wp:attachment":[{"href":"http:\/\/siegenspricht.de\/index.php?rest_route=%2Fwp%2Fv2%2Fmedia&parent=54"}],"curies":[{"name":"wp","href":"https:\/\/api.w.org\/{rel}","templated":true}]}}