{"id":36,"date":"2024-08-20T11:20:24","date_gmt":"2024-08-20T11:20:24","guid":{"rendered":"http:\/\/siegenspricht.de\/?page_id=36"},"modified":"2024-11-29T12:44:35","modified_gmt":"2024-11-29T12:44:35","slug":"1-2","status":"publish","type":"page","link":"http:\/\/siegenspricht.de\/?page_id=36","title":{"rendered":"\u00dcber das Projekt"},"content":{"rendered":"\n<h3 class=\"wp-block-heading\">\u00dcber das Pojekt<\/h3>\n\n\n\n<p><br>\u201eSiegen spricht\u201c ist ein Projekt des Vereines KUNA e. V. mit dem Ziel. die sprachliche Diversit\u00e4t der Stadt Siegen sichtbar machen. Wenn sprachliche Vielfalt sichtbar gemacht wird, entsteht ein Bewusstsein f\u00fcr die Vielfalt menschlicher Lebensweisen. Dies f\u00f6rdert den interkulturellen Dialog und das Verst\u00e4ndnis zwischen verschiedenen Gruppen. Menschen lernen, dass jede Sprache einzigartig ist und ihren eigenen Wert hat, was Vorurteile und sprachliche Diskriminierung abbauen kann. Das Projekt tr\u00e4gt dazu bei, Toleranz, Respekt und Inklusion in multikulturellen Gesellschaften zu st\u00e4rken.<br>In einer globalisierten Welt wird Mehrsprachigkeit immer wichtiger. Das Projekt f\u00f6rdert die Wertsch\u00e4tzung mehrerer Sprachen und st\u00e4rkt die gesellschaftliche Integration und das Verst\u00e4ndnis zwischen verschiedenen Bev\u00f6lkerungsgruppen in Siegen. Menschen, die eine nicht-dominante Sprache sprechen, erleben oft Benachteiligungen im Bildungswesen, am Arbeitsplatz oder im sozialen Leben. \u201eSiegen spricht\u201c r\u00fcckt die sprachliche Vielfalt ins \u00f6ffentliche Bewusstsein und tr\u00e4gt dazu bei, diesen Ungleichheiten entgegenzuwirken.<br>Die Sichtbarmachung sprachlicher Diversit\u00e4t tr\u00e4gt dazu bei, zuk\u00fcnftigen Generationen die M\u00f6glichkeit zu geben, eine reiche und vielf\u00e4ltige kulturelle Landschaft zu erleben. Indem wir Sprachen sch\u00fctzen und f\u00f6rdern, schaffen wir eine Welt, in der unterschiedliche Ausdrucksformen weiterhin existieren und gedeihen k\u00f6nnen. Das Erlernen und Verstehen mehrerer Sprachen f\u00f6rdern nicht nur die kulturelle Kompetenz, sondern auch das Bewusstsein f\u00fcr die globale Verantwortung, die Vielfalt zu bewahren. <\/p>\n\n\n\n<h3 class=\"wp-block-heading\">Ausstellung \u201eSiegen spricht\u201c<\/h3>\n\n\n\n<p><\/p>\n\n\n\n<div class=\"wp-block-media-text is-stacked-on-mobile\" style=\"grid-template-columns:19% auto\"><figure class=\"wp-block-media-text__media\"><img loading=\"lazy\" decoding=\"async\" width=\"649\" height=\"1024\" src=\"http:\/\/siegenspricht.de\/wp-content\/uploads\/2024\/11\/8e422b52-872a-495c-8951-03ed42475557-649x1024.jpg\" alt=\"\" class=\"wp-image-403 size-full\" srcset=\"http:\/\/siegenspricht.de\/wp-content\/uploads\/2024\/11\/8e422b52-872a-495c-8951-03ed42475557-649x1024.jpg 649w, http:\/\/siegenspricht.de\/wp-content\/uploads\/2024\/11\/8e422b52-872a-495c-8951-03ed42475557-190x300.jpg 190w, http:\/\/siegenspricht.de\/wp-content\/uploads\/2024\/11\/8e422b52-872a-495c-8951-03ed42475557.jpg 669w\" sizes=\"auto, (max-width: 649px) 100vw, 649px\" \/><\/figure><div class=\"wp-block-media-text__content\">\n<p>Im Rahmen des Projektes entstand die Ausstellung \u201eSiegen spricht\u201c. <\/p>\n\n\n\n<p>Unser Verein lud herzlich zur feierlichen Er\u00f6ffnung der Ausstellung \u201eSiegen spricht\u201c am Donnerstag, dem 12. September um 17:00 Uhr im Kr\u00f6nchenCenter ein.<br>Die Ausstellung wurde von der ersten stellvertretenden B\u00fcrgermeisterin Angela Jung und der Vorsitzenden des integrationsrates, Hanan Tahmaz, er\u00f6ffnet. Zum Veranstaltungsprogramm geh\u00f6rte der Vortrag von Peer Ball aus dem Aktiven Museum S\u00fcdwestfalen \u201eZwischen Heimweh und Neuanfang: Schicksale von in der NS Zeit Vertriebenen und verfolgten Siegerl\u00e4ndern\u201c. Der Abend wurde durch Klavierkompositionen der Siegener Komponistin Nigjar Weis abgerundet.<br>Die Veranstaltung fand in Kooperation mit dem Integrationsrat der Stadt Siegen im Rahmen der kulturellen Wochen statt.<\/p>\n<\/div><\/div>\n\n\n\n<div class=\"wp-block-columns is-layout-flex wp-container-core-columns-is-layout-1 wp-block-columns-is-layout-flex\">\n<div class=\"wp-block-column is-layout-flow wp-block-column-is-layout-flow\"><div class=\"wp-block-image\">\n<figure class=\"aligncenter size-full is-resized\"><img loading=\"lazy\" decoding=\"async\" width=\"853\" height=\"687\" src=\"http:\/\/siegenspricht.de\/wp-content\/uploads\/2024\/11\/Folie1.jpg\" alt=\"\" class=\"wp-image-404\" style=\"width:252px;height:auto\" srcset=\"http:\/\/siegenspricht.de\/wp-content\/uploads\/2024\/11\/Folie1.jpg 853w, http:\/\/siegenspricht.de\/wp-content\/uploads\/2024\/11\/Folie1-300x242.jpg 300w, http:\/\/siegenspricht.de\/wp-content\/uploads\/2024\/11\/Folie1-768x619.jpg 768w\" sizes=\"auto, (max-width: 853px) 100vw, 853px\" \/><\/figure><\/div><\/div>\n\n\n\n<div class=\"wp-block-column is-layout-flow wp-block-column-is-layout-flow\">\n<figure class=\"wp-block-image size-large is-resized\"><img loading=\"lazy\" decoding=\"async\" width=\"1024\" height=\"768\" src=\"http:\/\/siegenspricht.de\/wp-content\/uploads\/2024\/11\/IMG_2217-1024x768.jpg\" alt=\"\" class=\"wp-image-406\" style=\"width:272px;height:auto\" srcset=\"http:\/\/siegenspricht.de\/wp-content\/uploads\/2024\/11\/IMG_2217-1024x768.jpg 1024w, http:\/\/siegenspricht.de\/wp-content\/uploads\/2024\/11\/IMG_2217-300x225.jpg 300w, http:\/\/siegenspricht.de\/wp-content\/uploads\/2024\/11\/IMG_2217-768x576.jpg 768w, http:\/\/siegenspricht.de\/wp-content\/uploads\/2024\/11\/IMG_2217-1536x1152.jpg 1536w, http:\/\/siegenspricht.de\/wp-content\/uploads\/2024\/11\/IMG_2217-2048x1536.jpg 2048w\" sizes=\"auto, (max-width: 1024px) 100vw, 1024px\" \/><\/figure>\n<\/div>\n\n\n\n<div class=\"wp-block-column is-layout-flow wp-block-column-is-layout-flow\"><div class=\"wp-block-image\">\n<figure class=\"alignleft size-large is-resized\"><img loading=\"lazy\" decoding=\"async\" width=\"1024\" height=\"768\" src=\"https:\/\/siegenspricht.de\/wp-content\/uploads\/2024\/11\/IMG_2220-1-1024x768.jpg\" alt=\"\" class=\"wp-image-418\" style=\"width:265px;height:auto\" srcset=\"http:\/\/siegenspricht.de\/wp-content\/uploads\/2024\/11\/IMG_2220-1-1024x768.jpg 1024w, http:\/\/siegenspricht.de\/wp-content\/uploads\/2024\/11\/IMG_2220-1-300x225.jpg 300w, http:\/\/siegenspricht.de\/wp-content\/uploads\/2024\/11\/IMG_2220-1-768x576.jpg 768w, http:\/\/siegenspricht.de\/wp-content\/uploads\/2024\/11\/IMG_2220-1-1536x1152.jpg 1536w, http:\/\/siegenspricht.de\/wp-content\/uploads\/2024\/11\/IMG_2220-1-2048x1536.jpg 2048w\" sizes=\"auto, (max-width: 1024px) 100vw, 1024px\" \/><\/figure><\/div><\/div>\n<\/div>\n\n\n\n<p><\/p>\n","protected":false},"excerpt":{"rendered":"<p>\u00dcber das Pojekt \u201eSiegen spricht\u201c ist ein Projekt des Vereines KUNA e. V. mit dem Ziel. die sprachliche Diversit\u00e4t der Stadt Siegen sichtbar machen. Wenn sprachliche Vielfalt sichtbar [&hellip;]<\/p>\n","protected":false},"author":1,"featured_media":0,"parent":0,"menu_order":0,"comment_status":"closed","ping_status":"closed","template":"","meta":{"footnotes":""},"class_list":["post-36","page","type-page","status-publish","hentry"],"jetpack_sharing_enabled":true,"_links":{"self":[{"href":"http:\/\/siegenspricht.de\/index.php?rest_route=\/wp\/v2\/pages\/36","targetHints":{"allow":["GET"]}}],"collection":[{"href":"http:\/\/siegenspricht.de\/index.php?rest_route=\/wp\/v2\/pages"}],"about":[{"href":"http:\/\/siegenspricht.de\/index.php?rest_route=\/wp\/v2\/types\/page"}],"author":[{"embeddable":true,"href":"http:\/\/siegenspricht.de\/index.php?rest_route=\/wp\/v2\/users\/1"}],"replies":[{"embeddable":true,"href":"http:\/\/siegenspricht.de\/index.php?rest_route=%2Fwp%2Fv2%2Fcomments&post=36"}],"version-history":[{"count":34,"href":"http:\/\/siegenspricht.de\/index.php?rest_route=\/wp\/v2\/pages\/36\/revisions"}],"predecessor-version":[{"id":435,"href":"http:\/\/siegenspricht.de\/index.php?rest_route=\/wp\/v2\/pages\/36\/revisions\/435"}],"wp:attachment":[{"href":"http:\/\/siegenspricht.de\/index.php?rest_route=%2Fwp%2Fv2%2Fmedia&parent=36"}],"curies":[{"name":"wp","href":"https:\/\/api.w.org\/{rel}","templated":true}]}}