{"id":324,"date":"2024-10-02T08:06:12","date_gmt":"2024-10-02T08:06:12","guid":{"rendered":"http:\/\/siegenspricht.de\/?page_id=324"},"modified":"2024-10-02T08:06:48","modified_gmt":"2024-10-02T08:06:48","slug":"spanisch","status":"publish","type":"page","link":"http:\/\/siegenspricht.de\/?page_id=324","title":{"rendered":"Spanisch"},"content":{"rendered":"\n<h3 class=\"wp-block-heading\">Spanisch<\/h3>\n\n\n\n<p><br>El esp\u00edritu de la monta\u00f1a (Leyenda de Siegen)<\/p>\n\n\n\n<p><br>La miner\u00eda ha florecido aqu\u00ed desde tiempos inmemoriales. Los esforzados mineros encontraban grandes cantidades de mineral puro por todas partes en las monta\u00f1as. A veces, cuando los mineros trabajaban duro cargando sus peque\u00f1os carros llenos de la reluciente roca, o\u00edan unos misteriosos golpes en las paredes de aqu\u00ed y all\u00e1. Los mineros lo sab\u00edan muy bien. Un peque\u00f1o fantasma, el troll de la monta\u00f1a, estaba all\u00ed y les mostraba nuevos yacimientos de mineral. Y si los mineros picaban la roca de este lugar, se les revelaban ricos tesoros. Hab\u00eda una cosa que el esp\u00edritu ben\u00e9volo no toleraba: los silbidos. Los mineros lo sab\u00edan y por eso realizaban su trabajo en silencio y en silencio. Una vez, el minero hab\u00eda mostrado a un hombre al que apreciaba especialmente una riqueza casi inconmensurable de mineral.<br>Para recuperar el maravilloso tesoro, el minero tuvo que construir un puente sobre un profundo agujero antes de poder llegar a \u00e9l. El ni\u00f1o prometi\u00f3 ayudarle. El trabajo avanz\u00f3 r\u00e1pidamente bajo las manos expertas de ambos. Pronto el puente estuvo terminado y el minero se qued\u00f3 asombrado ante el rico yacimiento de plata.<br>Alborozado, el afortunado se olvid\u00f3 de s\u00ed mismo, aplaudi\u00f3 y silb\u00f3 y silb\u00f3. Entonces el troll de la monta\u00f1a choc\u00f3 con \u00e9l horrorizado y furioso y desapareci\u00f3 de repente en la roca. Comenz\u00f3 un violento estruendo y un estruendo que se hac\u00eda cada vez m\u00e1s violento y se acercaba cada vez m\u00e1s. Entonces el minero se dio cuenta de lo que hab\u00eda provocado. La pasarela sobre la que se encontraba ya se balanceaba. Un fuerte estruendo son\u00f3 detr\u00e1s de \u00e9l. No pod\u00eda quedarse m\u00e1s tiempo si no quer\u00eda perder la vida. As\u00ed que se precipit\u00f3 hacia la salida y apenas hab\u00eda visto la luz del d\u00eda cuando todo el pozo tembl\u00f3 violentamente y se derrumb\u00f3 con un fuerte estruendo. El descuidado hombre se qued\u00f3 all\u00ed, iluminado por el sol del atardecer, mirando fijamente la entrada del pozo.<\/p>\n\n\n\n<p> Luego se dirigi\u00f3 lentamente a su casa, contento de haber podido salvar a\u00fan su desnuda vida.<\/p>\n","protected":false},"excerpt":{"rendered":"<p>Spanisch El esp\u00edritu de la monta\u00f1a (Leyenda de Siegen) La miner\u00eda ha florecido aqu\u00ed desde tiempos inmemoriales. Los esforzados mineros encontraban grandes cantidades de mineral puro por todas [&hellip;]<\/p>\n","protected":false},"author":1,"featured_media":0,"parent":0,"menu_order":0,"comment_status":"closed","ping_status":"closed","template":"","meta":{"footnotes":""},"class_list":["post-324","page","type-page","status-publish","hentry"],"jetpack_sharing_enabled":true,"_links":{"self":[{"href":"http:\/\/siegenspricht.de\/index.php?rest_route=\/wp\/v2\/pages\/324","targetHints":{"allow":["GET"]}}],"collection":[{"href":"http:\/\/siegenspricht.de\/index.php?rest_route=\/wp\/v2\/pages"}],"about":[{"href":"http:\/\/siegenspricht.de\/index.php?rest_route=\/wp\/v2\/types\/page"}],"author":[{"embeddable":true,"href":"http:\/\/siegenspricht.de\/index.php?rest_route=\/wp\/v2\/users\/1"}],"replies":[{"embeddable":true,"href":"http:\/\/siegenspricht.de\/index.php?rest_route=%2Fwp%2Fv2%2Fcomments&post=324"}],"version-history":[{"count":2,"href":"http:\/\/siegenspricht.de\/index.php?rest_route=\/wp\/v2\/pages\/324\/revisions"}],"predecessor-version":[{"id":326,"href":"http:\/\/siegenspricht.de\/index.php?rest_route=\/wp\/v2\/pages\/324\/revisions\/326"}],"wp:attachment":[{"href":"http:\/\/siegenspricht.de\/index.php?rest_route=%2Fwp%2Fv2%2Fmedia&parent=324"}],"curies":[{"name":"wp","href":"https:\/\/api.w.org\/{rel}","templated":true}]}}