{"id":315,"date":"2024-10-02T07:54:57","date_gmt":"2024-10-02T07:54:57","guid":{"rendered":"http:\/\/siegenspricht.de\/?page_id=315"},"modified":"2024-10-02T17:33:55","modified_gmt":"2024-10-02T17:33:55","slug":"italienisch","status":"publish","type":"page","link":"http:\/\/siegenspricht.de\/?page_id=315","title":{"rendered":"Italienisch"},"content":{"rendered":"\n<h3 class=\"wp-block-heading\">Italienisch<\/h3>\n\n\n\n<p><br>Lo spirito della montagna (Leggenda di Siegen)<\/p>\n\n\n\n<p><br>L&#8217;attivit\u00e0 mineraria \u00e8 fiorita qui da tempo immemorabile. Ovunque sulle montagne, i laboriosi minatori trovavano grandi quantit\u00e0 di minerale puro. A volte, quando i minatori erano alacremente al lavoro per caricare i loro piccoli carri pieni di  roccia scintillante, sentivano un misterioso bussare alle pareti qua e l\u00e0. I minatori lo sapevano bene. Un piccolo fantasma, il troll di montagna, era l\u00ec e mostrava loro nuovi giacimenti di minerale. E se i minatori scavavano la roccia in questo luogo, si scoprivano ricchi tesori.<br>C&#8217;era una cosa che lo spirito benevolo non tollerava: il fischio. I minatori lo sapevano e quindi svolgevano il loro lavoro in  silenzio. Una volta, il minatore aveva mostrato a un uomo a cui era particolarmente affezionato una ricchezza di minerale quasi incommensurabile. Per recuperare il meraviglioso tesoro, il minatore doveva costruire un ponte su una profonda buca prima di poterlo raggiungere. Il bambino promise di aiutarlo. Il lavoro procedeva rapidamente sotto le mani esperte di entrambi. Ben presto il ponte fu terminato e il minatore rimase a bocca aperta di fronte al ricco giacimento d&#8217;argento.<\/p>\n\n\n\n<p>Felicissimo, il fortunato dimentic\u00f2 se stesso, batt\u00e9 le mani e fischi\u00f2 e fischi\u00f2. Poi il troll di montagna lo urt\u00f2 con orrore e rabbia e scomparve improvvisamente nella roccia. Inizi\u00f2 un violento boato e uno schianto, che divenne sempre pi\u00f9 violento e si avvicin\u00f2 sempre di pi\u00f9. Allora il minatore si rese conto di ci\u00f2 che aveva provocato. La passerella su cui si trovava<br>stava gi\u00e0 oscillando. Alle sue spalle si ud\u00ec un forte boato. Non poteva rimanere pi\u00f9 a lungo se non voleva perdere la vita. Cos\u00ec si precipit\u00f2 verso l&#8217;uscita e aveva appena visto la luce del giorno quando l&#8217;intera fossa trem\u00f2 violentemente e croll\u00f2 con un forte schianto. L&#8217;uomo incauto rimase l\u00ec, illuminato dal sole della sera, a fissare l&#8217;ingresso del pozzo. <\/p>\n\n\n\n<p>Poi si incammin\u00f2 lentamente verso casa, contento di poter ancora salvare la propria vita.<\/p>\n\n\n\n<div class=\"wp-block-buttons is-layout-flex wp-block-buttons-is-layout-flex\">\n<div class=\"wp-block-button has-custom-width wp-block-button__width-100 has-custom-font-size is-style-outline has-small-font-size is-style-outline--1\"><a class=\"wp-block-button__link wp-element-button\" href=\"https:\/\/siegenspricht.de\/?page_id=38\">zur\u00fcck<\/a><\/div>\n<\/div>\n\n\n\n<p><\/p>\n","protected":false},"excerpt":{"rendered":"<p>Italienisch Lo spirito della montagna (Leggenda di Siegen) L&#8217;attivit\u00e0 mineraria \u00e8 fiorita qui da tempo immemorabile. Ovunque sulle montagne, i laboriosi minatori trovavano grandi quantit\u00e0 di minerale puro. [&hellip;]<\/p>\n","protected":false},"author":1,"featured_media":0,"parent":0,"menu_order":0,"comment_status":"closed","ping_status":"closed","template":"","meta":{"footnotes":""},"class_list":["post-315","page","type-page","status-publish","hentry"],"jetpack_sharing_enabled":true,"_links":{"self":[{"href":"http:\/\/siegenspricht.de\/index.php?rest_route=\/wp\/v2\/pages\/315","targetHints":{"allow":["GET"]}}],"collection":[{"href":"http:\/\/siegenspricht.de\/index.php?rest_route=\/wp\/v2\/pages"}],"about":[{"href":"http:\/\/siegenspricht.de\/index.php?rest_route=\/wp\/v2\/types\/page"}],"author":[{"embeddable":true,"href":"http:\/\/siegenspricht.de\/index.php?rest_route=\/wp\/v2\/users\/1"}],"replies":[{"embeddable":true,"href":"http:\/\/siegenspricht.de\/index.php?rest_route=%2Fwp%2Fv2%2Fcomments&post=315"}],"version-history":[{"count":4,"href":"http:\/\/siegenspricht.de\/index.php?rest_route=\/wp\/v2\/pages\/315\/revisions"}],"predecessor-version":[{"id":353,"href":"http:\/\/siegenspricht.de\/index.php?rest_route=\/wp\/v2\/pages\/315\/revisions\/353"}],"wp:attachment":[{"href":"http:\/\/siegenspricht.de\/index.php?rest_route=%2Fwp%2Fv2%2Fmedia&parent=315"}],"curies":[{"name":"wp","href":"https:\/\/api.w.org\/{rel}","templated":true}]}}