{"id":302,"date":"2024-10-02T07:42:00","date_gmt":"2024-10-02T07:42:00","guid":{"rendered":"http:\/\/siegenspricht.de\/?page_id=302"},"modified":"2024-10-02T17:33:24","modified_gmt":"2024-10-02T17:33:24","slug":"deutsch","status":"publish","type":"page","link":"http:\/\/siegenspricht.de\/?page_id=302","title":{"rendered":"Deutsch"},"content":{"rendered":"\n<h3 class=\"wp-block-heading\">Deutsch<\/h3>\n\n\n\n<p>Das Bergm\u00e4nnchen (Siegerl\u00e4nder Legende)<\/p>\n\n\n\n<p><br>Schon seit alters her stand hierorts der Bergbau in hoher Bl\u00fcte. \u00dcberall in den Bergen fanden die flei\u00dfigen Bergleute gro\u00dfe Mengen reinen Erzes. Zuweilen, wenn die Erzbauer in leichter Arbeit ihre kleinen Karren voll des glitzernden Gesteins luden, h\u00f6rten sie hier oder da an den W\u00e4nden ein geheimnisvolles Klopfen. Das kannten die Bergleute sehr gut. Ein kleiner Wicht, das Bergm\u00e4nnchen, war dort und zeigte ihnen neue Erzlager. Und hieben dann die Erzsucher das Gestein an dieser Stelle fort, so erschlossen sich ihnen reiche Sch\u00e4tze.<br>Eines konnte der g\u00fctige Berggeist nicht vertragen, n\u00e4mlich das Pfeifen. Das wussten die Bergleute, und darum verrichteten sie ihre Arbeit still und schweigsam. Einmal hatte das Bergm\u00e4nnchen einem Manne, dem es besonders wohl gesonnen war, einen schier unermesslichen Erzreichtum gezeigt. Um den herrlichen Schatz zu bergen, musste der Bergmann eine Br\u00fccke \u00fcber ein tiefes Loch schlagen, ehe er dorthin gelangen konnte. Der Kleine versprach, ihm dabei behilflich zu sein. Das Werk schritt unter den sachkundigen H\u00e4nden beider z\u00fcgig voran. Bald war die Br\u00fccke fertig, und voll Staunen stand der Bergmann vor dem reichen Silberlager.<br>Vor Freude toll, verga\u00df sich der Gl\u00fcckliche, klatschte in die H\u00e4nde und pfiff und pfiff. Da stie\u00df ihn der Berggeist entsetzt und zornig an und verschwand pl\u00f6tzlich im Gestein. Ein heftiges Donnern und Krachen hub an, das immer heftiger wurde und immer n\u00e4her kam. Da merkte der Bergmann, was er verschuldet hatte. Schon wankte der Steg, auf dem er stand. Hinter ihm ert\u00f6nte ein lautes Poltern. Er durfte nicht l\u00e4nger bleiben, wollte er sein Leben nicht verlieren. Er st\u00fcrzte deshalb dem Ausgang zu, und kaum erblickte er das Tageslicht, als die ganze Grube heftig bebte und mit lautem Krachen einst\u00fcrzte.<br>Da stand der Unvorsichtige, von der Abendsonne hell beschienen, und starrte zum Schachteingang. Dann ging er langsam heimw\u00e4rts, froh, dass er noch sein nacktes Leben retten konnte.<br><em><strong>Quelle<\/strong><\/em>:&nbsp;<em>Siegerl\u00e4nder Sagen, gesammelt von Gerhard Schrey, erschienen 1912 im Montanus<br>Verlag Siegen \/&nbsp;Homepage des Hilchenbacher Stadtteils M\u00fcsen<\/em><\/p>\n\n\n\n<div class=\"wp-block-buttons is-layout-flex wp-block-buttons-is-layout-flex\">\n<div class=\"wp-block-button has-custom-width wp-block-button__width-100 has-custom-font-size is-style-outline has-small-font-size is-style-outline--1\"><a class=\"wp-block-button__link wp-element-button\" href=\"https:\/\/siegenspricht.de\/?page_id=38\">zur\u00fcck<\/a><\/div>\n<\/div>\n\n\n\n<p><\/p>\n","protected":false},"excerpt":{"rendered":"<p>Deutsch Das Bergm\u00e4nnchen (Siegerl\u00e4nder Legende) Schon seit alters her stand hierorts der Bergbau in hoher Bl\u00fcte. \u00dcberall in den Bergen fanden die flei\u00dfigen Bergleute gro\u00dfe Mengen reinen Erzes. [&hellip;]<\/p>\n","protected":false},"author":1,"featured_media":0,"parent":0,"menu_order":0,"comment_status":"closed","ping_status":"closed","template":"","meta":{"footnotes":""},"class_list":["post-302","page","type-page","status-publish","hentry"],"jetpack_sharing_enabled":true,"_links":{"self":[{"href":"http:\/\/siegenspricht.de\/index.php?rest_route=\/wp\/v2\/pages\/302","targetHints":{"allow":["GET"]}}],"collection":[{"href":"http:\/\/siegenspricht.de\/index.php?rest_route=\/wp\/v2\/pages"}],"about":[{"href":"http:\/\/siegenspricht.de\/index.php?rest_route=\/wp\/v2\/types\/page"}],"author":[{"embeddable":true,"href":"http:\/\/siegenspricht.de\/index.php?rest_route=\/wp\/v2\/users\/1"}],"replies":[{"embeddable":true,"href":"http:\/\/siegenspricht.de\/index.php?rest_route=%2Fwp%2Fv2%2Fcomments&post=302"}],"version-history":[{"count":7,"href":"http:\/\/siegenspricht.de\/index.php?rest_route=\/wp\/v2\/pages\/302\/revisions"}],"predecessor-version":[{"id":351,"href":"http:\/\/siegenspricht.de\/index.php?rest_route=\/wp\/v2\/pages\/302\/revisions\/351"}],"wp:attachment":[{"href":"http:\/\/siegenspricht.de\/index.php?rest_route=%2Fwp%2Fv2%2Fmedia&parent=302"}],"curies":[{"name":"wp","href":"https:\/\/api.w.org\/{rel}","templated":true}]}}