{"id":237,"date":"2024-09-27T13:23:31","date_gmt":"2024-09-27T13:23:31","guid":{"rendered":"http:\/\/siegenspricht.de\/?page_id=237"},"modified":"2024-09-27T13:23:31","modified_gmt":"2024-09-27T13:23:31","slug":"1960-2","status":"publish","type":"page","link":"http:\/\/siegenspricht.de\/?page_id=237","title":{"rendered":"1960 \u2013"},"content":{"rendered":"\n<h3 class=\"wp-block-heading\">1960 \u2013 Sprachen aus Anatolien<\/h3>\n\n\n\n<div class=\"wp-block-columns is-layout-flex wp-container-core-columns-is-layout-1 wp-block-columns-is-layout-flex\">\n<div class=\"wp-block-column is-layout-flow wp-block-column-is-layout-flow\" style=\"flex-basis:66.66%\">\n<p>Zu Beginn der 60\u2019er Jahre migrierten nicht nur \u201eGastarbeiter\u201c aus verschiedenen Nationen, sondern auch Sprachen aus dem Herzen Anatoliens nach Siegen. Darunter befanden sich t\u00fcrkische Staatsb\u00fcrger, die auch hier im Siegerland ans\u00e4ssig wurden. Der gr\u00f6\u00dfte Arbeitgeber im Siegerland waren die Stahlwerke. Stahlwerkfabriken waren im Bereich der Stadt H\u00fcttental und hier insbesondere in deren Stadtteil Geisweid angesiedelt. <\/p>\n<\/div>\n\n\n\n<div class=\"wp-block-column is-layout-flow wp-block-column-is-layout-flow\" style=\"flex-basis:33.33%\">\n<p>1975 wurde Siegen als Gro\u00dfstadt anerkannt und H\u00fcttental wie auch Geisweid wurden mit Siegen verbunden.<\/p>\n<\/div>\n<\/div>\n\n\n\n<div class=\"wp-block-buttons is-layout-flex wp-block-buttons-is-layout-flex\">\n<div class=\"wp-block-button is-style-outline is-style-outline--1\"><a class=\"wp-block-button__link wp-element-button\" href=\"http:\/\/siegenspricht.de\/\">zur\u00fcck<\/a><\/div>\n<\/div>\n","protected":false},"excerpt":{"rendered":"<p>1960 \u2013 Sprachen aus Anatolien Zu Beginn der 60\u2019er Jahre migrierten nicht nur \u201eGastarbeiter\u201c aus verschiedenen Nationen, sondern auch Sprachen aus dem Herzen Anatoliens nach Siegen. Darunter befanden [&hellip;]<\/p>\n","protected":false},"author":1,"featured_media":0,"parent":0,"menu_order":0,"comment_status":"closed","ping_status":"closed","template":"","meta":{"footnotes":""},"class_list":["post-237","page","type-page","status-publish","hentry"],"jetpack_sharing_enabled":true,"_links":{"self":[{"href":"http:\/\/siegenspricht.de\/index.php?rest_route=\/wp\/v2\/pages\/237","targetHints":{"allow":["GET"]}}],"collection":[{"href":"http:\/\/siegenspricht.de\/index.php?rest_route=\/wp\/v2\/pages"}],"about":[{"href":"http:\/\/siegenspricht.de\/index.php?rest_route=\/wp\/v2\/types\/page"}],"author":[{"embeddable":true,"href":"http:\/\/siegenspricht.de\/index.php?rest_route=\/wp\/v2\/users\/1"}],"replies":[{"embeddable":true,"href":"http:\/\/siegenspricht.de\/index.php?rest_route=%2Fwp%2Fv2%2Fcomments&post=237"}],"version-history":[{"count":1,"href":"http:\/\/siegenspricht.de\/index.php?rest_route=\/wp\/v2\/pages\/237\/revisions"}],"predecessor-version":[{"id":238,"href":"http:\/\/siegenspricht.de\/index.php?rest_route=\/wp\/v2\/pages\/237\/revisions\/238"}],"wp:attachment":[{"href":"http:\/\/siegenspricht.de\/index.php?rest_route=%2Fwp%2Fv2%2Fmedia&parent=237"}],"curies":[{"name":"wp","href":"https:\/\/api.w.org\/{rel}","templated":true}]}}