{"id":231,"date":"2024-09-27T13:20:44","date_gmt":"2024-09-27T13:20:44","guid":{"rendered":"http:\/\/siegenspricht.de\/?page_id=231"},"modified":"2024-09-27T13:21:38","modified_gmt":"2024-09-27T13:21:38","slug":"1980-2","status":"publish","type":"page","link":"http:\/\/siegenspricht.de\/?page_id=231","title":{"rendered":"1980 \u2013"},"content":{"rendered":"\n<h3 class=\"wp-block-heading\">1980 \u2013 Russlanddeutsche<\/h3>\n\n\n\n<div class=\"wp-block-columns is-layout-flex wp-container-core-columns-is-layout-1 wp-block-columns-is-layout-flex\">\n<div class=\"wp-block-column is-layout-flow wp-block-column-is-layout-flow\" style=\"flex-basis:66.66%\">\n<p>Seit Mitte der 1980er nahm die Bundesrepublik nahm die Russlanddeutschen, wie auch die Angeh\u00f6rigen anderer deutscher Minderheiten in Osteuropa, bei Nachweis ihrer &#8222;deutschen Volkszugeh\u00f6rigkeit&#8220; als sogenannte Aussiedler (ab 1993: Sp\u00e4taussiedler) auf. Es kamen gut 2,3 Millionen russlanddeutsche (Sp\u00e4t-) Aussiedler aus der ehemaligen Sowjetunion nach Deutschland. Heute ist die heterogene Gro\u00dfgruppe ein Teil der diversen Siegener Migrationsgesellschaft. <\/p>\n<\/div>\n\n\n\n<div class=\"wp-block-column is-layout-flow wp-block-column-is-layout-flow\" style=\"flex-basis:33.33%\">\n<p>Auch Angeh\u00f6rige anderer nationaler Minderheiten machten sich ab Ende der 1980er Jahre auf den Weg: sowjetische Juden und ihre Angeh\u00f6rigen verlie\u00dfen das<br>Land in gro\u00dfer Zahl in Richtung Deutschland.<\/p>\n<\/div>\n<\/div>\n\n\n\n<div class=\"wp-block-buttons is-layout-flex wp-block-buttons-is-layout-flex\">\n<div class=\"wp-block-button is-style-outline is-style-outline--1\"><a class=\"wp-block-button__link wp-element-button\" href=\"http:\/\/siegenspricht.de\/\">zur\u00fcck<\/a><\/div>\n<\/div>\n","protected":false},"excerpt":{"rendered":"<p>1980 \u2013 Russlanddeutsche Seit Mitte der 1980er nahm die Bundesrepublik nahm die Russlanddeutschen, wie auch die Angeh\u00f6rigen anderer deutscher Minderheiten in Osteuropa, bei Nachweis ihrer &#8222;deutschen Volkszugeh\u00f6rigkeit&#8220; als [&hellip;]<\/p>\n","protected":false},"author":1,"featured_media":0,"parent":0,"menu_order":0,"comment_status":"closed","ping_status":"closed","template":"","meta":{"footnotes":""},"class_list":["post-231","page","type-page","status-publish","hentry"],"jetpack_sharing_enabled":true,"_links":{"self":[{"href":"http:\/\/siegenspricht.de\/index.php?rest_route=\/wp\/v2\/pages\/231","targetHints":{"allow":["GET"]}}],"collection":[{"href":"http:\/\/siegenspricht.de\/index.php?rest_route=\/wp\/v2\/pages"}],"about":[{"href":"http:\/\/siegenspricht.de\/index.php?rest_route=\/wp\/v2\/types\/page"}],"author":[{"embeddable":true,"href":"http:\/\/siegenspricht.de\/index.php?rest_route=\/wp\/v2\/users\/1"}],"replies":[{"embeddable":true,"href":"http:\/\/siegenspricht.de\/index.php?rest_route=%2Fwp%2Fv2%2Fcomments&post=231"}],"version-history":[{"count":4,"href":"http:\/\/siegenspricht.de\/index.php?rest_route=\/wp\/v2\/pages\/231\/revisions"}],"predecessor-version":[{"id":236,"href":"http:\/\/siegenspricht.de\/index.php?rest_route=\/wp\/v2\/pages\/231\/revisions\/236"}],"wp:attachment":[{"href":"http:\/\/siegenspricht.de\/index.php?rest_route=%2Fwp%2Fv2%2Fmedia&parent=231"}],"curies":[{"name":"wp","href":"https:\/\/api.w.org\/{rel}","templated":true}]}}